{"id":702,"date":"2015-08-14T21:54:56","date_gmt":"2015-08-15T00:54:56","guid":{"rendered":"https:\/\/ced21.com.ar\/site2\/?page_id=702"},"modified":"2021-08-18T23:07:04","modified_gmt":"2021-08-19T02:07:04","slug":"campus-virtual","status":"publish","type":"page","link":"https:\/\/ced21.com.ar\/web2\/campus-virtual\/","title":{"rendered":"Campus Virtual"},"content":{"rendered":"<p>[vc_section full_width=\u00bbstretch_row\u00bb full_height=\u00bbyes\u00bb content_placement=\u00bbmiddle\u00bb css=\u00bb.vc_custom_1629338791759{background-image: url(http:\/\/ced21.com.ar\/web2\/wp-content\/uploads\/2021\/08\/bg-03.jpg?id=1808) !important;background-position: center !important;background-repeat: no-repeat !important;background-size: cover !important;}\u00bb][vc_row][vc_column width=\u00bb1\/2&#8243;][vc_custom_heading text=\u00bbCAMPUS VIRTUAL\u00bb font_container=\u00bbtag:h2|font_size:45px|text_align:left|line_height:45px\u00bb use_theme_fonts=\u00bbyes\u00bb][vc_empty_space][vc_column_text]El CED21\u00a0ofrece a sus alumnos una experiencia de trabajo tanto a\u00falica como virtual con un campus de estructura creado a manera de comunidad virtual. En dicho espacio los alumnos desarrollan diferentes tipos de actividades acad\u00e9micas, contando con entornos varios de aplicaci\u00f3n de herramientas.<\/p>\n<p>Nuestro Campus Virtual cuenta con una interfaz orientada a brindar una experiencia de capacitaci\u00f3n a distancia completamente intuitiva y de primer nivel, la cual se complementa con el contacto interactivo de los alumnos con los docentes y entre los mismos alumnos para compartir sus experiencias.<\/p>\n<p>Entra las pr\u00e1cticas que pueden llevarse a cabo en el Campus, se destacan Biblioteca Virtual, material te\u00f3rico de las distintas asignatura, foros de contacto con alumnos, contacto con profesores, env\u00edo de pr\u00e1cticas y documentaci\u00f3n al profesor, contacto con el profesor.[\/vc_column_text][vc_empty_space][vc_btn title=\u00bbAcced\u00e9 al Campus\u00bb style=\u00bbflat\u00bb shape=\u00bbsquare\u00bb color=\u00bbwarning\u00bb size=\u00bblg\u00bb align=\u00bbleft\u00bb i_type=\u00bblinecons\u00bb i_icon_linecons=\u00bbvc_li vc_li-study\u00bb add_icon=\u00bbtrue\u00bb link=\u00bburl:http%3A%2F%2Fcosmoal.com%2Flogin|target:_blank\u00bb][\/vc_column][vc_column width=\u00bb1\/2&#8243;][\/vc_column][\/vc_row][\/vc_section]<\/p>\n","protected":false},"excerpt":{"rendered":"<p>[vc_section full_width=\u00bbstretch_row\u00bb full_height=\u00bbyes\u00bb content_placement=\u00bbmiddle\u00bb css=\u00bb.vc_custom_1629338791759{background-image: url(http:\/\/ced21.com.ar\/web2\/wp-content\/uploads\/2021\/08\/bg-03.jpg?id=1808) !important;background-position: center !important;background-repeat: no-repeat !important;background-size: cover !important;}\u00bb][vc_row][vc_column width=\u00bb1\/2&#8243;][vc_custom_heading text=\u00bbCAMPUS VIRTUAL\u00bb font_container=\u00bbtag:h2|font_size:45px|text_align:left|line_height:45px\u00bb use_theme_fonts=\u00bbyes\u00bb][vc_empty_space][vc_column_text]El CED21\u00a0ofrece a sus alumnos una experiencia de trabajo tanto a\u00falica como virtual [&hellip;]<\/p>\n","protected":false},"author":2,"featured_media":0,"parent":0,"menu_order":0,"comment_status":"closed","ping_status":"closed","template":"tmpl\/template-fullwidth.php","meta":{"footnotes":""},"class_list":["post-702","page","type-page","status-publish","hentry"],"_links":{"self":[{"href":"https:\/\/ced21.com.ar\/web2\/wp-json\/wp\/v2\/pages\/702","targetHints":{"allow":["GET"]}}],"collection":[{"href":"https:\/\/ced21.com.ar\/web2\/wp-json\/wp\/v2\/pages"}],"about":[{"href":"https:\/\/ced21.com.ar\/web2\/wp-json\/wp\/v2\/types\/page"}],"author":[{"embeddable":true,"href":"https:\/\/ced21.com.ar\/web2\/wp-json\/wp\/v2\/users\/2"}],"replies":[{"embeddable":true,"href":"https:\/\/ced21.com.ar\/web2\/wp-json\/wp\/v2\/comments?post=702"}],"version-history":[{"count":5,"href":"https:\/\/ced21.com.ar\/web2\/wp-json\/wp\/v2\/pages\/702\/revisions"}],"predecessor-version":[{"id":1809,"href":"https:\/\/ced21.com.ar\/web2\/wp-json\/wp\/v2\/pages\/702\/revisions\/1809"}],"wp:attachment":[{"href":"https:\/\/ced21.com.ar\/web2\/wp-json\/wp\/v2\/media?parent=702"}],"curies":[{"name":"wp","href":"https:\/\/api.w.org\/{rel}","templated":true}]}}